{"id":544,"date":"2018-05-02T15:29:58","date_gmt":"2018-05-02T15:29:58","guid":{"rendered":"https:\/\/protsci-us2b.univ-nantes.fr\/mobpdb\/?page_id=544"},"modified":"2023-03-31T08:29:39","modified_gmt":"2023-03-31T08:29:39","slug":"anopheles-albimanus","status":"publish","type":"page","link":"https:\/\/protsci-us2b.univ-nantes.fr\/mobpdb\/?page_id=544","title":{"rendered":"Anopheles albimanus"},"content":{"rendered":"<p><!-- Image not found \"changed by Damien on March 31, 2023\"\n\n[caption width=\"236\" align=\"alignright\"]<img loading=\"lazy\" decoding=\"async\" src=\"https:\/\/www.vectorbase.org\/sites\/default\/files\/ftp\/image_gallery\/Anopheles%20Species\/An.%20albimanus\/7861.jpg\" class=\"size-medium\" width=\"236\" height=\"156\"> (source : vectorbase.org)[\/caption]\n\n--><\/p>\n<p><em>Anopheles albimanus<\/em> is a species of mosquito in the order Diptera. It is found in coastal Central and South America, the Caribbean, and Mexico [1][2]. It is a generalist species and capable of wide dispersion [3]. <em>A.albimanus<\/em> is a common malaria vector [1]. Its genome was sequenced in 2009.<\/p>\n<p>(source &amp; for more information : <a href=\"https:\/\/www.vectorbase.org\/organisms\/anopheles-epiroticus\" rel=\"noopener\" target=\"_blank\">Vectorbase<\/a>)<\/p>\n<p><strong>Statistics of OBPs from <em>Anopheles albimanus<\/em>:<\/strong><\/p>\n<table style=\"height: 34px;\" width=\"600\" cellspacing=\"\u00bb0\u2033\" cellpadding=\"\u00bb0\u2033\" border=\"\u00bb1\u2033\">\n<tbody>\n<tr style=\"text-align: center;\">\n<td><\/td>\n<td>\n<form action=\"\/cgi-bin\/mobpdb\/resultat_sql.cgi\" method=\"post\">\n<button name=\"sql_query\" type=\"submit\" value=\"select * from proteins_v3 where Class like 'Classic%' and ID like 'AALB%'\">Classic<\/button><br \/>\n<\/form>\n<\/td>\n<td>\n<form action=\"\/cgi-bin\/mobpdb\/resultat_sql.cgi\" method=\"post\">\n<button name=\"sql_query\" type=\"submit\" value=\"select * from proteins_v3 where Class like 'PlusC%' and ID like 'AALB%'\">PlusC<\/button><br \/>\n<\/form>\n<\/td>\n<td>\n<form action=\"\/cgi-bin\/mobpdb\/resultat_sql.cgi\" method=\"post\">\n<button name=\"sql_query\" type=\"submit\" value=\"select * from proteins_v3 where Class like 'Two%' and ID like 'AALB%'\">Two-domains*<\/button><br \/>\n<\/form>\n<\/td>\n<td>\n<form action=\"\/cgi-bin\/mobpdb\/resultat_sql.cgi\" method=\"post\">\n<button name=\"sql_query\" type=\"submit\" value=\"select * from proteins_v3 where Class like 'NA%' and ID like 'AALB%'\">ND<\/button><br \/>\n<\/form>\n<\/td>\n<td>Total<\/td>\n<\/tr>\n<tr style=\"text-align: center;\">\n<td>Number of OBPs<\/td>\n<td style=\"text-align: center;\">24<\/td>\n<td style=\"text-align: center;\">13<\/td>\n<td style=\"text-align: center;\">8<\/td>\n<td style=\"text-align: center;\">1<\/td>\n<td style=\"text-align: center;\">46<\/td>\n<\/tr>\n<tr>\n<td><a href=\"https:\/\/protsci-us2b.univ-nantes.fr\/mobpdb\/?page_id=409\" target=\"_blank\" rel=\"noopener\">N\u00b0 with atomic structures (in PDB)<\/a><\/td>\n<td style=\"text-align: center;\">NA<\/td>\n<td style=\"text-align: center;\">NA<\/td>\n<td style=\"text-align: center;\">&#8211;<\/td>\n<td style=\"text-align: center;\">&#8211;<\/td>\n<td style=\"text-align: center;\">NA<\/td>\n<\/tr>\n<tr>\n<td>3D models<\/td>\n<td style=\"text-align: center;\">NA<\/td>\n<td style=\"text-align: center;\">NA<\/td>\n<td style=\"text-align: center;\">NA<\/td>\n<td style=\"text-align: center;\">&#8211;<\/td>\n<td style=\"text-align: center;\">NA<\/td>\n<\/tr>\n<tr>\n<td>Docking results**<\/td>\n<td style=\"text-align: center;\">NA<\/td>\n<td style=\"text-align: center;\">NA<\/td>\n<td style=\"text-align: center;\">NA<\/td>\n<td style=\"text-align: center;\">&#8211;<\/td>\n<td style=\"text-align: center;\">NA<\/td>\n<\/tr>\n<\/tbody>\n<\/table>\n<p><font size=\"1\">*(also known as <em>duplex<\/em> or <em>atypical<\/em>)<br \/>\n**(molecular docking was performed on 126 odorants that are known repellants and attractants for mosquitoes)<br \/>\nND : undetermined<br \/>\nNA : Not Available<\/font><\/p>\n<table width=\"100%\">\n<tbody>\n<tr>\n<td>\n<strong>Search the <span style=\"color: #3366ff;\">genomic<\/span> database for all OBP genes from <em>Anopheles albimanus<\/em><\/strong><\/p>\n<form action=\"\/cgi-bin\/mobpdb\/motclef.cgi\" method=\"post\">\n<button name=\"smalldialogue\" type=\"submit\" value=\"AALB\">Browse genomic data<\/button><br \/>\n<\/form>\n<\/td>\n<\/tr>\n<tr>\n<td>\n<strong>Modelled structures of <em>Classic<\/em> OBP from <em>Anopheles albimanus<\/em><\/strong><\/p>\n<form action=\"\/cgi-bin\/mobpdb\/resultat_sql.cgi\" method=\"post\">\n<button name=\"sql_query\" type=\"submit\" value=\"select ID, Name, Uniprot, Class, Cluster from proteins_v3 where Class = 'Classic' and Name like 'AALB%'\">Browse models<\/button><br \/>\n<\/form>\n<\/td>\n<\/tr>\n<\/tbody>\n<\/table>\n<p><strong>Please cite<\/strong><br \/>\n<font size=\"1pt\"><a href=\"http:\/\/gbe.oxfordjournals.org\/content\/5\/1\/163.long\" target=\"_blank\" rel=\"noopener\">Manoharan M, Ng Fuk Chong M, Va\u00eftinadapoul\u00e9 A, Frumence E, Sowdhamini R, Offmann B. Comparative genomics of odorant binding proteins in Anopheles gambiae, Aedes aegypti, and Culex quinquefasciatus. <em>Genome Biol Evol.<\/em> 2013;<strong>5<\/strong>(1):163-80.<\/a><br \/>\n<\/font><\/p>\n<p><strong>Bibliographic references :<\/strong><\/p>\n<ol>\n<span style=\"font-size: x-small;\"><\/p>\n<li>Pinault, L. L.; Hunter, F. F. (June 2012). &#8220;Characterization of larval habitats of Anopheles albimanus, Anopheles pseudopunctipennis, Anopheles punctimacula, and Anopheles oswaldoi s.l. populations in lowland and highland Ecuador&#8221;. Journal of Vector Ecology. 37: 124\u2013136. doi:10.1111\/j.1948-7134.2012.00209.x.<\/li>\n<li>C\u00e1zares-Raga, F. E.; Ch\u00e1vez-Mungu\u00eda, B.; Gonz\u00e1lez-Calixto, C.; Ochoa-Franco, A. P.; Gawinowicz, M. A.; Rodr\u00edguez, M. H.; Hern\u00e1ndez-Hern\u00e1ndez, F. C. (August 2014). &#8220;Morphological and proteomic characterization of midgut of the malaria vector Anopheles albimanus at early time after a blood feeding&#8221;. Journal of Proteomics. 111: 100\u2013112. doi:10.1016\/j.jprot.2014.07.037.<\/li>\n<li>G\u00f3mez, G. F.; M\u00e1rquez, E. J.; Guti\u00e9rrez, L. A.; Conn, J. E.; Correa, M. M. (April 2, 2014). &#8220;Geometric morphometric analysis of Colombian Anopheles albimanus (Diptera: Culicidae) reveals significant effect of environmental factors on wing traits and presence of a metapopulation&#8221;. Acta Tropica. 135: 75\u201385. doi:10.1016\/j.actatropica.2014.03.020.<\/li>\n<p><\/span><\/ol>\n<p><!--\n\n\n\n<form action=\"\/cgi-bin\/mobpdb\/motclef3.cgi\" method=\"post\">  \n<textarea id =\"smallrecherche\" rows=\"1\" cols=\"10\" name=\"smalldialogue\" style=\"font-family : courier\" >AALBOBP<\/textarea> <input type=\"submit\" value=\"Submit request\" \/>\n<\/form>\n\n\n\n--><\/p>\n","protected":false},"excerpt":{"rendered":"<p>Anopheles albimanus is a species of mosquito in the order Diptera. It is found in coastal Central and South America, the Caribbean, and Mexico [1][2]. It is a generalist species and capable of wide dispersion [3]. A.albimanus is a common malaria vector [1]. Its genome was sequenced in 2009. (source &amp; for more information : [&hellip;]<\/p>\n","protected":false},"author":3,"featured_media":0,"parent":9,"menu_order":2,"comment_status":"closed","ping_status":"closed","template":"page-without-sidebar.php","meta":{"footnotes":""},"class_list":["post-544","page","type-page","status-publish","hentry"],"jetpack_sharing_enabled":true,"_links":{"self":[{"href":"https:\/\/protsci-us2b.univ-nantes.fr\/mobpdb\/index.php?rest_route=\/wp\/v2\/pages\/544","targetHints":{"allow":["GET"]}}],"collection":[{"href":"https:\/\/protsci-us2b.univ-nantes.fr\/mobpdb\/index.php?rest_route=\/wp\/v2\/pages"}],"about":[{"href":"https:\/\/protsci-us2b.univ-nantes.fr\/mobpdb\/index.php?rest_route=\/wp\/v2\/types\/page"}],"author":[{"embeddable":true,"href":"https:\/\/protsci-us2b.univ-nantes.fr\/mobpdb\/index.php?rest_route=\/wp\/v2\/users\/3"}],"replies":[{"embeddable":true,"href":"https:\/\/protsci-us2b.univ-nantes.fr\/mobpdb\/index.php?rest_route=%2Fwp%2Fv2%2Fcomments&post=544"}],"version-history":[{"count":21,"href":"https:\/\/protsci-us2b.univ-nantes.fr\/mobpdb\/index.php?rest_route=\/wp\/v2\/pages\/544\/revisions"}],"predecessor-version":[{"id":841,"href":"https:\/\/protsci-us2b.univ-nantes.fr\/mobpdb\/index.php?rest_route=\/wp\/v2\/pages\/544\/revisions\/841"}],"up":[{"embeddable":true,"href":"https:\/\/protsci-us2b.univ-nantes.fr\/mobpdb\/index.php?rest_route=\/wp\/v2\/pages\/9"}],"wp:attachment":[{"href":"https:\/\/protsci-us2b.univ-nantes.fr\/mobpdb\/index.php?rest_route=%2Fwp%2Fv2%2Fmedia&parent=544"}],"curies":[{"name":"wp","href":"https:\/\/api.w.org\/{rel}","templated":true}]}}